{"id":103,"date":"2021-02-19T14:55:24","date_gmt":"2021-02-19T14:55:24","guid":{"rendered":"http:\/\/www.japanisches-bayern.de\/?page_id=103"},"modified":"2021-04-25T18:39:21","modified_gmt":"2021-04-25T18:39:21","slug":"wilhelm-heine","status":"publish","type":"page","link":"https:\/\/www.japanisches-bayern.de\/?page_id=103","title":{"rendered":"Wilhelm Heine"},"content":{"rendered":"\n<p>Ein weltreisender Maler zwischen Dresden, Japan und Amerika<\/p>\n\n\n\n<figure class=\"wp-block-image size-large\"><img loading=\"lazy\" decoding=\"async\" width=\"783\" height=\"1024\" src=\"http:\/\/www.japanisches-bayern.de\/wp-content\/uploads\/2021\/04\/Titelblatt_Heine-783x1024.jpg\" alt=\"\" class=\"wp-image-159\" srcset=\"https:\/\/www.japanisches-bayern.de\/wp-content\/uploads\/2021\/04\/Titelblatt_Heine-783x1024.jpg 783w, https:\/\/www.japanisches-bayern.de\/wp-content\/uploads\/2021\/04\/Titelblatt_Heine-229x300.jpg 229w, https:\/\/www.japanisches-bayern.de\/wp-content\/uploads\/2021\/04\/Titelblatt_Heine-768x1004.jpg 768w, https:\/\/www.japanisches-bayern.de\/wp-content\/uploads\/2021\/04\/Titelblatt_Heine-1175x1536.jpg 1175w, https:\/\/www.japanisches-bayern.de\/wp-content\/uploads\/2021\/04\/Titelblatt_Heine-1566x2048.jpg 1566w, https:\/\/www.japanisches-bayern.de\/wp-content\/uploads\/2021\/04\/Titelblatt_Heine-1568x2050.jpg 1568w, https:\/\/www.japanisches-bayern.de\/wp-content\/uploads\/2021\/04\/Titelblatt_Heine-scaled.jpg 1958w\" sizes=\"(max-width: 783px) 100vw, 783px\" \/><\/figure>\n\n\n\n<p>Schriftsteller, Maler, Reisender auf vier Kontinenten, K\u00e4mpfer im amerikanischen B\u00fcrgerkrieg und Diplomat &#8211; Wilhelm Heine (1827-1885) hat ein \u00e4u\u00dferst bewegtes Leben gef\u00fchrt. In Dresden war er Student bei Gottfried Semper und befreundet mit Richard Wagner. Seine Teilnahme am Dresdner Aufstand von 1849 treibt ihn nach Amerika. Als Mitglied des Expeditionscorps von&nbsp;Matthew C. Perry gelangt er 1853&nbsp;in das noch verschlossene Japan. Seine Japanbilder machen ihn ber\u00fchmt.&nbsp;<\/p>\n\n\n\n<p>Ein zweites Mal reist er als Zeichner und Photograph 1860\/61 in das nun ge\u00f6ffnete Land. Er k\u00e4mpft im amerikanischen B\u00fcrgerkrieg auf der Seite der Nordstaaten und vertritt anschlie\u00dfend die USA als Diplomat in Paris und England.<\/p>\n\n\n\n<p>Nach Dresden zur\u00fcckgekehrt, widmet er sich der Abfassung zahlreicher B\u00fccher \u00fcber Japan. Seine Tochter heiratet nach M\u00fcnchen, und einer seiner Enkel f\u00fchrt ein nicht weniger bewegtes Leben zwischen Nazi-Deutschland und den USA.&nbsp;&nbsp;<\/p>\n\n\n\n<p>ISBN 3-930846-34-9 (vergriffen)<\/p>\n","protected":false},"excerpt":{"rendered":"<p>Ein weltreisender Maler zwischen Dresden, Japan und Amerika Schriftsteller, Maler, Reisender auf vier Kontinenten, K\u00e4mpfer im amerikanischen B\u00fcrgerkrieg und Diplomat &#8211; Wilhelm Heine (1827-1885) hat ein \u00e4u\u00dferst bewegtes Leben gef\u00fchrt. In Dresden war er Student bei Gottfried Semper und befreundet mit Richard Wagner. Seine Teilnahme am Dresdner Aufstand von 1849 treibt ihn nach Amerika. Als<a class=\"more-link\" href=\"https:\/\/www.japanisches-bayern.de\/?page_id=103\"><span class=\"screen-reader-text\">&#8222;Wilhelm Heine&#8220;<\/span> weiterlesen<\/a><\/p>\n","protected":false},"author":1,"featured_media":0,"parent":0,"menu_order":0,"comment_status":"closed","ping_status":"closed","template":"","meta":{"footnotes":""},"class_list":["post-103","page","type-page","status-publish","hentry","entry"],"_links":{"self":[{"href":"https:\/\/www.japanisches-bayern.de\/index.php?rest_route=\/wp\/v2\/pages\/103"}],"collection":[{"href":"https:\/\/www.japanisches-bayern.de\/index.php?rest_route=\/wp\/v2\/pages"}],"about":[{"href":"https:\/\/www.japanisches-bayern.de\/index.php?rest_route=\/wp\/v2\/types\/page"}],"author":[{"embeddable":true,"href":"https:\/\/www.japanisches-bayern.de\/index.php?rest_route=\/wp\/v2\/users\/1"}],"replies":[{"embeddable":true,"href":"https:\/\/www.japanisches-bayern.de\/index.php?rest_route=%2Fwp%2Fv2%2Fcomments&post=103"}],"version-history":[{"count":1,"href":"https:\/\/www.japanisches-bayern.de\/index.php?rest_route=\/wp\/v2\/pages\/103\/revisions"}],"predecessor-version":[{"id":176,"href":"https:\/\/www.japanisches-bayern.de\/index.php?rest_route=\/wp\/v2\/pages\/103\/revisions\/176"}],"wp:attachment":[{"href":"https:\/\/www.japanisches-bayern.de\/index.php?rest_route=%2Fwp%2Fv2%2Fmedia&parent=103"}],"curies":[{"name":"wp","href":"https:\/\/api.w.org\/{rel}","templated":true}]}}