{"id":38,"date":"2021-02-14T16:35:47","date_gmt":"2021-02-14T16:35:47","guid":{"rendered":"http:\/\/www.japanisches-bayern.de\/?page_id=38"},"modified":"2021-04-28T18:27:06","modified_gmt":"2021-04-28T18:27:06","slug":"ueber-mich","status":"publish","type":"page","link":"https:\/\/www.japanisches-bayern.de\/?page_id=38","title":{"rendered":"Andrea Hirner"},"content":{"rendered":"\n<p>geboren in Berlin, aber aufgewachsen in M\u00fcnchen. Besuch des Luisen-Gymnasiums und Ausbildung zur Diplom-Bibliothekarin an der Bayerischen Staatsbibliothek. Erster dreij\u00e4hriger Aufenthalt in Japan. Anschlie\u00dfend Studium der Japanologie und Geschichte sowie Promotion an der Rheinischen Friedrich-Wilhelms-Universit\u00e4t Bonn.<\/p>\n\n\n\n<p>Seit 2003 Mitglied und seit 2007 im Vorstand der Deutsch-Japanischen Gesellschaft in Bayern e.V.<\/p>\n\n\n\n<p>Besch\u00e4ftigung mit der japanischen und der bayrischen Geschichte sowie ihren Gemeinsamkeiten.<\/p>\n\n\n\n<p>2003 <em>Japanisches Bayern<\/em>, Iudicium Verlag M\u00fcnchen<\/p>\n\n\n\n<p>2009 <em>Wilhelm Heine. Ein weltreisender Maler zwischen Dresden, <br>Japan und Amerika<\/em>, Edition Reintzsch, K\u00f6tzschenbroda bei Dresden<\/p>\n\n\n\n<p>2013 <em>Die blaue und die rote Seite des Lebens<\/em>. <br>Was Dr. Philipp Franz von Siebold von Meister Hokusai lernte, <br>Kindle e-book Edition, Druckausgabe bei Amazon.<\/p>\n\n\n\n<p>2016 Gedenkschrift <em>Philipp Franz von Siebold und M\u00fcnchen<\/em>, <br>zusammen mit J\u00fcrgen Betten und Bruno J. Richtsfeld<\/p>\n\n\n\n<p>2019 <em>Wilhelm Heine \u2013 Beitr\u00e4ge zur Kenntnis des Landes und seiner Bewohner<\/em>, hg. zusammen mit Bruno J. Richtsfeld, R\u00f6ll Verlag<\/p>\n\n\n\n<p>2020 <em>Philipp Franz von Siebolds Flora Japonica und ihre M\u00fcnchner K\u00fcnstler<\/em><\/p>\n\n\n\n<p>Nebenbei drei B\u00fccher mit M\u00fcnchner Hintergrund:<\/p>\n\n\n\n<p>2011 <em>Die Todesparzensch\u00f6nheit. Helene Prinzessin Racowitza. Ein M\u00fcnchner Kind in der Fremde<\/em>, Utz Verlag M\u00fcnchen<\/p>\n\n\n\n<p>2014 <em>Die Braut des Vivisektors \u2013 ein M\u00fcnchen-Roman<\/em>. <br>Kindle e-book Edition<\/p>\n\n\n\n<p>2016 <em>Polizeikommiss\u00e4r Weiherm\u00fcller irrt sich<\/em>. Ein M\u00fcnchen-Krimi, <br>Kindle e-book Edition<\/p>\n\n\n\n<p>Zahlreiche Beitr\u00e4ge in wissenschaftlichen Zeitschriften und anderen Medien, Beitr\u00e4ge f\u00fcr Radio <em>Bayern 2<\/em>, Beitr\u00e4ge f\u00fcr <em>Unser Bayern<\/em>, Beilage der <em>Bayerischen Staatszeitung<\/em>.<\/p>\n","protected":false},"excerpt":{"rendered":"<p>geboren in Berlin, aber aufgewachsen in M\u00fcnchen. Besuch des Luisen-Gymnasiums und Ausbildung zur Diplom-Bibliothekarin an der Bayerischen Staatsbibliothek. Erster dreij\u00e4hriger Aufenthalt in Japan. Anschlie\u00dfend Studium der Japanologie und Geschichte sowie Promotion an der Rheinischen Friedrich-Wilhelms-Universit\u00e4t Bonn. Seit 2003 Mitglied und seit 2007 im Vorstand der Deutsch-Japanischen Gesellschaft in Bayern e.V. Besch\u00e4ftigung mit der japanischen und<a class=\"more-link\" href=\"https:\/\/www.japanisches-bayern.de\/?page_id=38\"><span class=\"screen-reader-text\">&#8222;Andrea Hirner&#8220;<\/span> weiterlesen<\/a><\/p>\n","protected":false},"author":1,"featured_media":0,"parent":0,"menu_order":0,"comment_status":"closed","ping_status":"closed","template":"","meta":{"footnotes":""},"class_list":["post-38","page","type-page","status-publish","hentry","entry"],"_links":{"self":[{"href":"https:\/\/www.japanisches-bayern.de\/index.php?rest_route=\/wp\/v2\/pages\/38"}],"collection":[{"href":"https:\/\/www.japanisches-bayern.de\/index.php?rest_route=\/wp\/v2\/pages"}],"about":[{"href":"https:\/\/www.japanisches-bayern.de\/index.php?rest_route=\/wp\/v2\/types\/page"}],"author":[{"embeddable":true,"href":"https:\/\/www.japanisches-bayern.de\/index.php?rest_route=\/wp\/v2\/users\/1"}],"replies":[{"embeddable":true,"href":"https:\/\/www.japanisches-bayern.de\/index.php?rest_route=%2Fwp%2Fv2%2Fcomments&post=38"}],"version-history":[{"count":1,"href":"https:\/\/www.japanisches-bayern.de\/index.php?rest_route=\/wp\/v2\/pages\/38\/revisions"}],"predecessor-version":[{"id":204,"href":"https:\/\/www.japanisches-bayern.de\/index.php?rest_route=\/wp\/v2\/pages\/38\/revisions\/204"}],"wp:attachment":[{"href":"https:\/\/www.japanisches-bayern.de\/index.php?rest_route=%2Fwp%2Fv2%2Fmedia&parent=38"}],"curies":[{"name":"wp","href":"https:\/\/api.w.org\/{rel}","templated":true}]}}