{"id":56,"date":"2021-02-19T14:14:03","date_gmt":"2021-02-19T14:14:03","guid":{"rendered":"http:\/\/www.japanisches-bayern.de\/?page_id=56"},"modified":"2021-05-01T09:28:12","modified_gmt":"2021-05-01T09:28:12","slug":"philipp-franz-von-siebolds-flora-japonica-und-ihre-muenchner-kuenstler","status":"publish","type":"page","link":"https:\/\/www.japanisches-bayern.de\/?page_id=56","title":{"rendered":"Philipp Franz von Siebolds Flora Japonica und ihre M\u00fcnchner K\u00fcnstler"},"content":{"rendered":"\n<figure class=\"wp-block-image size-large\"><img loading=\"lazy\" decoding=\"async\" width=\"699\" height=\"1024\" src=\"http:\/\/www.japanisches-bayern.de\/wp-content\/uploads\/2021\/04\/Titelblatt_FloraJaponica-699x1024.jpg\" alt=\"\" class=\"wp-image-156\" srcset=\"https:\/\/www.japanisches-bayern.de\/wp-content\/uploads\/2021\/04\/Titelblatt_FloraJaponica-699x1024.jpg 699w, https:\/\/www.japanisches-bayern.de\/wp-content\/uploads\/2021\/04\/Titelblatt_FloraJaponica-205x300.jpg 205w, https:\/\/www.japanisches-bayern.de\/wp-content\/uploads\/2021\/04\/Titelblatt_FloraJaponica-768x1125.jpg 768w, https:\/\/www.japanisches-bayern.de\/wp-content\/uploads\/2021\/04\/Titelblatt_FloraJaponica-1048x1536.jpg 1048w, https:\/\/www.japanisches-bayern.de\/wp-content\/uploads\/2021\/04\/Titelblatt_FloraJaponica-1397x2048.jpg 1397w, https:\/\/www.japanisches-bayern.de\/wp-content\/uploads\/2021\/04\/Titelblatt_FloraJaponica-1568x2298.jpg 1568w, https:\/\/www.japanisches-bayern.de\/wp-content\/uploads\/2021\/04\/Titelblatt_FloraJaponica-scaled.jpg 1747w\" sizes=\"(max-width: 699px) 100vw, 699px\" \/><\/figure>\n\n\n\n<p><br>Philipp Franz von Siebold (1796-1866) aus W\u00fcrzburg ist der unerm\u00fcdlich reisende Japanforscher vom Anfang des 19. Jahrhunderts. Mit seinen Werken hat er das damals unbekannte Reich dem Publikum erschlossen.<\/p>\n\n\n\n<p>Aber er war nicht nur Wissenschaftler: Seine beiden Kunstsammlungen, die er zusammentrug, sind heute wichtige Schaust\u00fccke in Holland und im <a href=\"https:\/\/www.museum-fuenf-kontinente.de\/\" target=\"_blank\" rel=\"noreferrer noopener\">M\u00fcnchner Museum F\u00fcnf Kontinente<\/a>.<\/p>\n\n\n\n<p>Als leidenschaftlicher Botaniker studierte er eingehend die reiche japanische Flora. Schon fr\u00fch hatte er die Idee, japanische Gew\u00e4chse nach Europa zu bringen und sie hier zu propagieren, da er \u00fcberzeugt war, sie seien f\u00fcr das mitteleurop\u00e4ische Klima geeignet. Das gelang ihm auch unter gro\u00dfen Opfern, und viele japanische Pflanzen wie Hortensie, Schneeball, Rhododendron, Kamelie, Hartriegel, Lilie, Deutzie und Ahorn, um nur einige zu nennen, sind dank ihm in Europa heimisch geworden.<\/p>\n\n\n\n<p>Kaum ein botanisches Buch des 19. Jahrhunderts ist so ber\u00fchmt geworden wie die Flora Japonica, die zum ersten Mal bis dahin unbekannte Pflanzen aus Japan vorstellte. Es entstand ab 1835 in M\u00fcnchen mit der Hilfe M\u00fcnchner K\u00fcnstler und in der neuen Technik der Lithographie, einer M\u00fcnchner Erfindung. Die neue Ver\u00f6ffentlichung erz\u00e4hlt ihre Entstehungsgeschichte, die eng mit der k\u00fcnstlerischen Entwicklung von M\u00fcnchen verwoben ist. Zahlreiche Aufnahmen der originalen botanischen Tafeln f\u00fchren in die Sch\u00f6nheit japanischer Pflanzen ein.<\/p>\n\n\n\n<p>ISBN: 978-3-00-065021-5<br><br><a href=\"https:\/\/www.djg-muenchen.de\/leseprobe-flora-japonica\/\">https:\/\/www.djg-muenchen.de\/<\/a><a href=\"https:\/\/www.djg-muenchen.de\/leseprobe-flora-japonica\/\" data-type=\"URL\" data-id=\"https:\/\/www.djg-muenchen.de\/leseprobe-flora-japonica\/\" target=\"_blank\" rel=\"noreferrer noopener\">leseprobe-flora<\/a><a rel=\"noreferrer noopener\" href=\"https:\/\/www.djg-muenchen.de\/leseprobe-flora-japonica\/\" target=\"_blank\">&#8211;<\/a><a href=\"https:\/\/www.djg-muenchen.de\/leseprobe-flora-japonica\/\">japonica\/<\/a><\/p>\n","protected":false},"excerpt":{"rendered":"<p>Philipp Franz von Siebold (1796-1866) aus W\u00fcrzburg ist der unerm\u00fcdlich reisende Japanforscher vom Anfang des 19. Jahrhunderts. Mit seinen Werken hat er das damals unbekannte Reich dem Publikum erschlossen. Aber er war nicht nur Wissenschaftler: Seine beiden Kunstsammlungen, die er zusammentrug, sind heute wichtige Schaust\u00fccke in Holland und im M\u00fcnchner Museum F\u00fcnf Kontinente. Als leidenschaftlicher<a class=\"more-link\" href=\"https:\/\/www.japanisches-bayern.de\/?page_id=56\"><span class=\"screen-reader-text\">&#8222;Philipp Franz von Siebolds Flora Japonica und ihre M\u00fcnchner K\u00fcnstler&#8220;<\/span> weiterlesen<\/a><\/p>\n","protected":false},"author":1,"featured_media":57,"parent":0,"menu_order":0,"comment_status":"closed","ping_status":"closed","template":"","meta":{"footnotes":""},"class_list":["post-56","page","type-page","status-publish","has-post-thumbnail","hentry","entry"],"_links":{"self":[{"href":"https:\/\/www.japanisches-bayern.de\/index.php?rest_route=\/wp\/v2\/pages\/56"}],"collection":[{"href":"https:\/\/www.japanisches-bayern.de\/index.php?rest_route=\/wp\/v2\/pages"}],"about":[{"href":"https:\/\/www.japanisches-bayern.de\/index.php?rest_route=\/wp\/v2\/types\/page"}],"author":[{"embeddable":true,"href":"https:\/\/www.japanisches-bayern.de\/index.php?rest_route=\/wp\/v2\/users\/1"}],"replies":[{"embeddable":true,"href":"https:\/\/www.japanisches-bayern.de\/index.php?rest_route=%2Fwp%2Fv2%2Fcomments&post=56"}],"version-history":[{"count":2,"href":"https:\/\/www.japanisches-bayern.de\/index.php?rest_route=\/wp\/v2\/pages\/56\/revisions"}],"predecessor-version":[{"id":209,"href":"https:\/\/www.japanisches-bayern.de\/index.php?rest_route=\/wp\/v2\/pages\/56\/revisions\/209"}],"wp:featuredmedia":[{"embeddable":true,"href":"https:\/\/www.japanisches-bayern.de\/index.php?rest_route=\/"}],"wp:attachment":[{"href":"https:\/\/www.japanisches-bayern.de\/index.php?rest_route=%2Fwp%2Fv2%2Fmedia&parent=56"}],"curies":[{"name":"wp","href":"https:\/\/api.w.org\/{rel}","templated":true}]}}