{"id":67,"date":"2021-02-19T14:25:34","date_gmt":"2021-02-19T14:25:34","guid":{"rendered":"http:\/\/www.japanisches-bayern.de\/?page_id=67"},"modified":"2021-05-01T09:26:05","modified_gmt":"2021-05-01T09:26:05","slug":"die-braut-des-vivisektors","status":"publish","type":"page","link":"https:\/\/www.japanisches-bayern.de\/?page_id=67","title":{"rendered":"Die Braut des Vivisektors"},"content":{"rendered":"\n<figure class=\"wp-block-image size-large\"><img loading=\"lazy\" decoding=\"async\" width=\"600\" height=\"800\" src=\"http:\/\/www.japanisches-bayern.de\/wp-content\/uploads\/2021\/04\/Die-Braut-des-Vivisektor12.jpg\" alt=\"\" class=\"wp-image-157\" srcset=\"https:\/\/www.japanisches-bayern.de\/wp-content\/uploads\/2021\/04\/Die-Braut-des-Vivisektor12.jpg 600w, https:\/\/www.japanisches-bayern.de\/wp-content\/uploads\/2021\/04\/Die-Braut-des-Vivisektor12-225x300.jpg 225w\" sizes=\"(max-width: 600px) 100vw, 600px\" \/><\/figure>\n\n\n\n<p>Ein M\u00fcnchen-Roman<br><br>Emily von Wegelin hat als Kind die Eltern beim Eislaufen vor dem Schloss Nymphenburg verloren und w\u00e4chst bei ihrem Onkel und Vormund auf. Es sind die letzten Jahre der Herrschaft von K\u00f6nig Ludwig II., und neue Ideen werden von der Jugend begeistert aufgegriffen: Frauenemanzipation und Tierschutz, und sogar der viel bel\u00e4chelte \u201eVegetarianismus\u201c gewinnt Anh\u00e4nger.<\/p>\n\n\n\n<p>Da trifft sie einen jungen und charmanten Journalisten, in den sie sich verliebt. Beide wollen gemeinsam die weit verbreitete Rohheit gegen Tiere bek\u00e4mpfen. Dabei sto\u00dfen sie immer wieder auf einen geheimnisvollen Vivisektor, der Tiere lebend grausamen Versuchen ausliefert. Der Einbruch in ein Tiergef\u00e4ngnis bringt sie in gro\u00dfe Gefahr.<\/p>\n\n\n\n<p>Der prominente Maler Gabriel Max malt 1883 sein umstrittenes Bild <em>Der Vivisektor<\/em>, zu dem ihm Emily Modell steht. Mitglieder des K\u00f6nigshauses halten ihre sch\u00fctzende Hand \u00fcber sie, aber ein Gef\u00fchl der Beunruhigung wird immer st\u00e4rker bei ihr.<\/p>\n\n\n\n<p>Ist etwa ihr Onkel und Vormund der ber\u00fcchtigte Vivisektor? Noch dazu zeigt er ein unheimliches Interesse an ihr und will sie unbedingt heiraten, bevor sie 18 Jahre alt ist. Oder ist ihr heimlicher Verlobter nur hinter ihrem Verm\u00f6gen her? Schlie\u00dflich geschieht noch einmal ein grausiger Unfall \u2026<\/p>\n\n\n\n<p>Der Roman spielt auf bekannten Pl\u00e4tzen von M\u00fcnchen, im <em>Dallmayr<\/em>, im <em>Caf\u00e9 Tambosi<\/em>, dem <em>Odeon<\/em> und dem ersten vegetarischen Restaurant in der T\u00fcrkenstrasse. Wir begegnen Personen der Zeitgeschichte wie dem Maler Gabriel Max, Prinzessin Therese von Bayern und Prinz Luitpold, dem sp\u00e4teren Prinzregenten.<br><\/p>\n\n\n\n<figure class=\"wp-block-embed is-type-rich is-provider-amazon wp-block-embed-amazon\"><div class=\"wp-block-embed__wrapper\">\n<iframe loading=\"lazy\" title=\"Die Braut des Vivisektors\" type=\"text\/html\" width=\"620\" height=\"550\" frameborder=\"0\" allowfullscreen style=\"max-width:100%\" src=\"https:\/\/lesen.amazon.de\/kp\/card?preview=inline&#038;linkCode=kpd&#038;ref_=k4w_oembed_J8N4yaDBBHh2yU&#038;asin=3737534640&#038;tag=kpembed-20\"><\/iframe>\n<\/div><\/figure>\n","protected":false},"excerpt":{"rendered":"<p>Ein M\u00fcnchen-Roman Emily von Wegelin hat als Kind die Eltern beim Eislaufen vor dem Schloss Nymphenburg verloren und w\u00e4chst bei ihrem Onkel und Vormund auf. Es sind die letzten Jahre der Herrschaft von K\u00f6nig Ludwig II., und neue Ideen werden von der Jugend begeistert aufgegriffen: Frauenemanzipation und Tierschutz, und sogar der viel bel\u00e4chelte \u201eVegetarianismus\u201c gewinnt<a class=\"more-link\" href=\"https:\/\/www.japanisches-bayern.de\/?page_id=67\"><span class=\"screen-reader-text\">&#8222;Die Braut des Vivisektors&#8220;<\/span> weiterlesen<\/a><\/p>\n","protected":false},"author":1,"featured_media":0,"parent":0,"menu_order":0,"comment_status":"closed","ping_status":"closed","template":"","meta":{"footnotes":""},"class_list":["post-67","page","type-page","status-publish","hentry","entry"],"_links":{"self":[{"href":"https:\/\/www.japanisches-bayern.de\/index.php?rest_route=\/wp\/v2\/pages\/67"}],"collection":[{"href":"https:\/\/www.japanisches-bayern.de\/index.php?rest_route=\/wp\/v2\/pages"}],"about":[{"href":"https:\/\/www.japanisches-bayern.de\/index.php?rest_route=\/wp\/v2\/types\/page"}],"author":[{"embeddable":true,"href":"https:\/\/www.japanisches-bayern.de\/index.php?rest_route=\/wp\/v2\/users\/1"}],"replies":[{"embeddable":true,"href":"https:\/\/www.japanisches-bayern.de\/index.php?rest_route=%2Fwp%2Fv2%2Fcomments&post=67"}],"version-history":[{"count":2,"href":"https:\/\/www.japanisches-bayern.de\/index.php?rest_route=\/wp\/v2\/pages\/67\/revisions"}],"predecessor-version":[{"id":207,"href":"https:\/\/www.japanisches-bayern.de\/index.php?rest_route=\/wp\/v2\/pages\/67\/revisions\/207"}],"wp:attachment":[{"href":"https:\/\/www.japanisches-bayern.de\/index.php?rest_route=%2Fwp%2Fv2%2Fmedia&parent=67"}],"curies":[{"name":"wp","href":"https:\/\/api.w.org\/{rel}","templated":true}]}}