{"id":74,"date":"2021-02-19T14:29:01","date_gmt":"2021-02-19T14:29:01","guid":{"rendered":"http:\/\/www.japanisches-bayern.de\/?page_id=74"},"modified":"2021-02-19T14:29:01","modified_gmt":"2021-02-19T14:29:01","slug":"japanisches-bayern","status":"publish","type":"page","link":"https:\/\/www.japanisches-bayern.de\/?page_id=74","title":{"rendered":"Japanisches Bayern"},"content":{"rendered":"\n<figure class=\"wp-block-gallery columns-1 is-cropped wp-block-gallery-1 is-layout-flex wp-block-gallery-is-layout-flex\"><ul class=\"blocks-gallery-grid\"><li class=\"blocks-gallery-item\"><figure><img decoding=\"async\" src=\"https:\/\/www.japanisches-bayern.de\/wp-content\/uploads\/2021\/02\/Titelblatt_Japanisches-Bayern-664x1024.jpg\" alt=\"\" data-id=\"75\" data-full-url=\"https:\/\/www.japanisches-bayern.de\/wp-content\/uploads\/2021\/02\/Titelblatt_Japanisches-Bayern-scaled.jpg\" data-link=\"https:\/\/www.japanisches-bayern.de\/?attachment_id=75\" class=\"wp-image-75\"\/><\/figure><\/li><\/ul><\/figure>\n\n\n\n<p>Durch seine lange Abschlie\u00dfung war Japan im 19. Jahrhundert weitgehend unbekannt, &#8222;so fern wie der Mann im Mond&#8220;. Und das, obgleich im 17. und 18. Jahrhundert jesuitische B\u00fchnen in ganz Bayern Dramen mit japanischen Helden aufgef\u00fchrt hatten. Doch nach 1860 gab es wieder zahlreiche Kontakte in der Politik, in Wissenschaft, Kunst und in der Wirtschaft, und Bayern wurde schon damals zu einem Anziehungspunkt f\u00fcr japanische Besucher. Vom W\u00fcrzburger Philipp Franz von Siebold angefangen \u00fcber Mori \u00d4gais Novelle \u00fcber Ludwig II., den Japonismus in M\u00fcnchen bis zum Asyl von Thomas Manns Schwager in Japan, das fern\u00f6stliche Reich ist in vielerlei Hinsicht mit Bayern eng verbunden. Wie sich diese Kontakte bis zum Zweiten Weltkrieg entwickelten, und wie die japanischen Besucher Bayern sahen, erlebten und oft auch ein literarisches Denkmal setzten, das ist der Inhalt dieses Buches.<br><br>ISBN 3-89129-665-7<br><br><a href=\"https:\/\/www.amazon.de\/Japanisches-Bayern-Historische-Andrea-Hirner\/dp\/3891296657\/ref=sr_1_9?__mk_de_DE=%C3%85M%C3%85%C5%BD%C3%95%C3%91&amp;dchild=1&amp;keywords=japanisches+bayern&amp;qid=1614442666&amp;sr=8-9\" data-type=\"URL\" data-id=\"https:\/\/www.amazon.de\/Japanisches-Bayern-Historische-Andrea-Hirner\/dp\/3891296657\/ref=sr_1_9?__mk_de_DE=%C3%85M%C3%85%C5%BD%C3%95%C3%91&amp;dchild=1&amp;keywords=japanisches+bayern&amp;qid=1614442666&amp;sr=8-9\" target=\"_blank\" rel=\"noreferrer noopener\">https:\/\/www.amazon.de\/Japanisches-Bayern-Historische-Andrea-Hirner\/dp\/3891296657\/ref=sr_1_9?__mk_de_DE=%C3%85M%C3%85%C5%BD%C3%95%C3%91&amp;dchild=1&amp;keywords=japanisches+bayern&amp;qid=1614442666&amp;sr=8-9<\/a><\/p>\n","protected":false},"excerpt":{"rendered":"<p>Durch seine lange Abschlie\u00dfung war Japan im 19. Jahrhundert weitgehend unbekannt, &#8222;so fern wie der Mann im Mond&#8220;. Und das, obgleich im 17. und 18. Jahrhundert jesuitische B\u00fchnen in ganz Bayern Dramen mit japanischen Helden aufgef\u00fchrt hatten. Doch nach 1860 gab es wieder zahlreiche Kontakte in der Politik, in Wissenschaft, Kunst und in der Wirtschaft,<a class=\"more-link\" href=\"https:\/\/www.japanisches-bayern.de\/?page_id=74\"><span class=\"screen-reader-text\">&#8222;Japanisches Bayern&#8220;<\/span> weiterlesen<\/a><\/p>\n","protected":false},"author":1,"featured_media":0,"parent":0,"menu_order":0,"comment_status":"closed","ping_status":"closed","template":"","meta":{"footnotes":""},"class_list":["post-74","page","type-page","status-publish","hentry","entry"],"_links":{"self":[{"href":"https:\/\/www.japanisches-bayern.de\/index.php?rest_route=\/wp\/v2\/pages\/74"}],"collection":[{"href":"https:\/\/www.japanisches-bayern.de\/index.php?rest_route=\/wp\/v2\/pages"}],"about":[{"href":"https:\/\/www.japanisches-bayern.de\/index.php?rest_route=\/wp\/v2\/types\/page"}],"author":[{"embeddable":true,"href":"https:\/\/www.japanisches-bayern.de\/index.php?rest_route=\/wp\/v2\/users\/1"}],"replies":[{"embeddable":true,"href":"https:\/\/www.japanisches-bayern.de\/index.php?rest_route=%2Fwp%2Fv2%2Fcomments&post=74"}],"version-history":[{"count":0,"href":"https:\/\/www.japanisches-bayern.de\/index.php?rest_route=\/wp\/v2\/pages\/74\/revisions"}],"wp:attachment":[{"href":"https:\/\/www.japanisches-bayern.de\/index.php?rest_route=%2Fwp%2Fv2%2Fmedia&parent=74"}],"curies":[{"name":"wp","href":"https:\/\/api.w.org\/{rel}","templated":true}]}}