{"id":79,"date":"2021-02-19T14:32:45","date_gmt":"2021-02-19T14:32:45","guid":{"rendered":"http:\/\/www.japanisches-bayern.de\/?page_id=79"},"modified":"2021-04-25T18:36:07","modified_gmt":"2021-04-25T18:36:07","slug":"die-todesparzenschoenheit","status":"publish","type":"page","link":"https:\/\/www.japanisches-bayern.de\/?page_id=79","title":{"rendered":"Die Todesparzensch\u00f6nheit"},"content":{"rendered":"\n<p>Helene Prinzessin Racowitza &#8211;<br>Ein M\u00fcnchner Kind in der Fremde<\/p>\n\n\n\n<figure class=\"wp-block-image size-large\"><img loading=\"lazy\" decoding=\"async\" width=\"629\" height=\"1024\" src=\"http:\/\/www.japanisches-bayern.de\/wp-content\/uploads\/2021\/04\/Titelblatt_Todesparzenscho\u0308nheit-629x1024.jpg\" alt=\"\" class=\"wp-image-163\" srcset=\"https:\/\/www.japanisches-bayern.de\/wp-content\/uploads\/2021\/04\/Titelblatt_Todesparzenscho\u0308nheit-629x1024.jpg 629w, https:\/\/www.japanisches-bayern.de\/wp-content\/uploads\/2021\/04\/Titelblatt_Todesparzenscho\u0308nheit-184x300.jpg 184w, https:\/\/www.japanisches-bayern.de\/wp-content\/uploads\/2021\/04\/Titelblatt_Todesparzenscho\u0308nheit-768x1249.jpg 768w, https:\/\/www.japanisches-bayern.de\/wp-content\/uploads\/2021\/04\/Titelblatt_Todesparzenscho\u0308nheit-944x1536.jpg 944w, https:\/\/www.japanisches-bayern.de\/wp-content\/uploads\/2021\/04\/Titelblatt_Todesparzenscho\u0308nheit-1259x2048.jpg 1259w, https:\/\/www.japanisches-bayern.de\/wp-content\/uploads\/2021\/04\/Titelblatt_Todesparzenscho\u0308nheit-1568x2551.jpg 1568w, https:\/\/www.japanisches-bayern.de\/wp-content\/uploads\/2021\/04\/Titelblatt_Todesparzenscho\u0308nheit-scaled.jpg 1574w\" sizes=\"(max-width: 629px) 100vw, 629px\" \/><\/figure>\n\n\n\n<p>Helene Prinzessin Racowitza, geborene von D\u00f6nniges (1843\u20131911) f\u00fchrte ein au\u00dfergew\u00f6hnliches und schillerndes Dasein: \u201eM\u00f6rderin\u201c von Ferdinand Lassalle, Schauspielerin in Europa und Amerika, Skandalmodell, Schriftstellerin und schlie\u00dflich noch Okkultistin. Zahlreiche bedeutende Gestalten der Epoche kreuzten den Weg der \u201eTodesparzensch\u00f6nheit\u201c: K\u00f6nig Ludwig II., Ferdinand Lassalle, Hans Makart, Franz Lenbach, Rudolf Steiner und viele mehr. Helenes Leben pr\u00e4sentiert die faszinierende Geschichte einer Frau, die voller Vertrauen in ihre Sch\u00f6nheit die Welt nach dem eigenen Willen formen wollte, aber dann grausam und schmachvoll endete. <br><\/p>\n\n\n\n<p>\u201eDie vorliegende Biografie aus der Feder von Andrea Hirner weitet nun unseren Blick und erm\u00f6glicht eine intensive und umfassende Begegnung mit dieser bemerkenswerten Frau und mit einer Zeit, in der die Gegenwart in erheblichem Umfang wurzelt.\u201c <br>(aus dem Geleitwort von Hermann Rumsch\u00f6ttel)<\/p>\n\n\n\n<p>ISBN 978-3-8316-4038-6<br><br><a href=\"https:\/\/www.amazon.de\/Die-Todesparzensch%C3%B6nheit-Prinzessin-Racowitza-M%C3%BCnchner\/dp\/3831640386\/ref=sr_1_1?__mk_de_DE=%C3%85M%C3%85%C5%BD%C3%95%C3%91&amp;dchild=1&amp;keywords=die+todesparzensch%C3%B6nheit&amp;qid=1614442616&amp;sr=8-1\" target=\"_blank\" rel=\"noreferrer noopener\">https:\/\/www.amazon.de\/Die-Todesparzensch%C3%B6nheit-Prinzessin-Racowitza-M%C3%BCnchner\/dp\/3831640386\/ref=sr_1_1?__mk_de_DE=%C3%85M%C3%85%C5%BD%C3%95%C3%91&amp;dchild=1&amp;keywords=die+todesparzensch%C3%B6nheit&amp;qid=1614442616&amp;sr=8-1<\/a><\/p>\n","protected":false},"excerpt":{"rendered":"<p>Helene Prinzessin Racowitza &#8211;Ein M\u00fcnchner Kind in der Fremde Helene Prinzessin Racowitza, geborene von D\u00f6nniges (1843\u20131911) f\u00fchrte ein au\u00dfergew\u00f6hnliches und schillerndes Dasein: \u201eM\u00f6rderin\u201c von Ferdinand Lassalle, Schauspielerin in Europa und Amerika, Skandalmodell, Schriftstellerin und schlie\u00dflich noch Okkultistin. Zahlreiche bedeutende Gestalten der Epoche kreuzten den Weg der \u201eTodesparzensch\u00f6nheit\u201c: K\u00f6nig Ludwig II., Ferdinand Lassalle, Hans Makart, Franz<a class=\"more-link\" href=\"https:\/\/www.japanisches-bayern.de\/?page_id=79\"><span class=\"screen-reader-text\">&#8222;Die Todesparzensch\u00f6nheit&#8220;<\/span> weiterlesen<\/a><\/p>\n","protected":false},"author":1,"featured_media":0,"parent":0,"menu_order":0,"comment_status":"closed","ping_status":"closed","template":"","meta":{"footnotes":""},"class_list":["post-79","page","type-page","status-publish","hentry","entry"],"_links":{"self":[{"href":"https:\/\/www.japanisches-bayern.de\/index.php?rest_route=\/wp\/v2\/pages\/79"}],"collection":[{"href":"https:\/\/www.japanisches-bayern.de\/index.php?rest_route=\/wp\/v2\/pages"}],"about":[{"href":"https:\/\/www.japanisches-bayern.de\/index.php?rest_route=\/wp\/v2\/types\/page"}],"author":[{"embeddable":true,"href":"https:\/\/www.japanisches-bayern.de\/index.php?rest_route=\/wp\/v2\/users\/1"}],"replies":[{"embeddable":true,"href":"https:\/\/www.japanisches-bayern.de\/index.php?rest_route=%2Fwp%2Fv2%2Fcomments&post=79"}],"version-history":[{"count":1,"href":"https:\/\/www.japanisches-bayern.de\/index.php?rest_route=\/wp\/v2\/pages\/79\/revisions"}],"predecessor-version":[{"id":169,"href":"https:\/\/www.japanisches-bayern.de\/index.php?rest_route=\/wp\/v2\/pages\/79\/revisions\/169"}],"wp:attachment":[{"href":"https:\/\/www.japanisches-bayern.de\/index.php?rest_route=%2Fwp%2Fv2%2Fmedia&parent=79"}],"curies":[{"name":"wp","href":"https:\/\/api.w.org\/{rel}","templated":true}]}}