{"id":85,"date":"2021-02-19T14:40:23","date_gmt":"2021-02-19T14:40:23","guid":{"rendered":"http:\/\/www.japanisches-bayern.de\/?page_id=85"},"modified":"2021-05-01T09:29:03","modified_gmt":"2021-05-01T09:29:03","slug":"philipp-franz-von-siebold-und-muenchen","status":"publish","type":"page","link":"https:\/\/www.japanisches-bayern.de\/?page_id=85","title":{"rendered":"Philipp Franz von Siebold und M\u00fcnchen"},"content":{"rendered":"\n<figure class=\"wp-block-image size-large\"><img loading=\"lazy\" decoding=\"async\" width=\"681\" height=\"1024\" src=\"http:\/\/www.japanisches-bayern.de\/wp-content\/uploads\/2021\/04\/Titelblatt_Siebold-681x1024.jpg\" alt=\"\" class=\"wp-image-161\" srcset=\"https:\/\/www.japanisches-bayern.de\/wp-content\/uploads\/2021\/04\/Titelblatt_Siebold-681x1024.jpg 681w, https:\/\/www.japanisches-bayern.de\/wp-content\/uploads\/2021\/04\/Titelblatt_Siebold-199x300.jpg 199w, https:\/\/www.japanisches-bayern.de\/wp-content\/uploads\/2021\/04\/Titelblatt_Siebold-768x1156.jpg 768w, https:\/\/www.japanisches-bayern.de\/wp-content\/uploads\/2021\/04\/Titelblatt_Siebold-1021x1536.jpg 1021w, https:\/\/www.japanisches-bayern.de\/wp-content\/uploads\/2021\/04\/Titelblatt_Siebold-1361x2048.jpg 1361w, https:\/\/www.japanisches-bayern.de\/wp-content\/uploads\/2021\/04\/Titelblatt_Siebold-1568x2359.jpg 1568w, https:\/\/www.japanisches-bayern.de\/wp-content\/uploads\/2021\/04\/Titelblatt_Siebold-scaled.jpg 1701w\" sizes=\"(max-width: 681px) 100vw, 681px\" \/><\/figure>\n\n\n\n<p>Arzt, Erforscher Japans, Vermittler und unerm\u00fcdlicher Reisender, ist die gro\u00dfe Symbolgestalt zwischen Japan und Bayern. In W\u00fcrzburg geboren, starb er in M\u00fcnchen und wurde auf dem Alten S\u00fcdlichen Friedhof bestattet.<br><br>Viel verbindet ihn mit M\u00fcnchen: Seine japanische Sammlung stellte er Anfang 1866 in den Arkaden des Hofgartens aus mit dem Wunsch, die dem bayerischen Staat zu \u00fcbereignen. \u00dcber den Verhandlungen starb er, doch wurde mit seinem <em>Japanischen Museum<\/em> das V\u00f6lkerkundemuseum in M\u00fcnchen gegr\u00fcndet.<br><br>Vier Beitr\u00e4ge beschreiben sein abenteuerliches Leben, sein Ende und sein Grab in M\u00fcnchen, mit zahlreichen Abbildungen. Auch seiner Bedeutung f\u00fcr die Gr\u00fcndung des heutigen <a rel=\"noreferrer noopener\" href=\"https:\/\/www.museum-fuenf-kontinente.de\/\" target=\"_blank\">Museums F\u00fcnf Kontinente<\/a> wird nachgegangen. Siebold geh\u00f6rt damit zu den bedeutenden Pers\u00f6nlichkeiten im M\u00fcnchen des 19. Jahrhundert.<br><br>ISBN: 978-3-00-052253-6 (\u00fcber die Deutsch-Japanische Gesellschaft in Bayern e. V: <a rel=\"noreferrer noopener\" href=\"https:\/\/www.djg-muenchen.de\/gedenkschriftsiebold2016\/\" data-type=\"URL\" data-id=\"https:\/\/www.djg-muenchen.de\/gedenkschriftsiebold2016\/\" target=\"_blank\">https:\/\/www.djg-muenchen.de\/gedenkschriftsiebold2016\/<\/a>)<\/p>\n","protected":false},"excerpt":{"rendered":"<p>Arzt, Erforscher Japans, Vermittler und unerm\u00fcdlicher Reisender, ist die gro\u00dfe Symbolgestalt zwischen Japan und Bayern. In W\u00fcrzburg geboren, starb er in M\u00fcnchen und wurde auf dem Alten S\u00fcdlichen Friedhof bestattet. Viel verbindet ihn mit M\u00fcnchen: Seine japanische Sammlung stellte er Anfang 1866 in den Arkaden des Hofgartens aus mit dem Wunsch, die dem bayerischen Staat<a class=\"more-link\" href=\"https:\/\/www.japanisches-bayern.de\/?page_id=85\"><span class=\"screen-reader-text\">&#8222;Philipp Franz von Siebold und M\u00fcnchen&#8220;<\/span> weiterlesen<\/a><\/p>\n","protected":false},"author":1,"featured_media":0,"parent":0,"menu_order":0,"comment_status":"closed","ping_status":"closed","template":"","meta":{"footnotes":""},"class_list":["post-85","page","type-page","status-publish","hentry","entry"],"_links":{"self":[{"href":"https:\/\/www.japanisches-bayern.de\/index.php?rest_route=\/wp\/v2\/pages\/85"}],"collection":[{"href":"https:\/\/www.japanisches-bayern.de\/index.php?rest_route=\/wp\/v2\/pages"}],"about":[{"href":"https:\/\/www.japanisches-bayern.de\/index.php?rest_route=\/wp\/v2\/types\/page"}],"author":[{"embeddable":true,"href":"https:\/\/www.japanisches-bayern.de\/index.php?rest_route=\/wp\/v2\/users\/1"}],"replies":[{"embeddable":true,"href":"https:\/\/www.japanisches-bayern.de\/index.php?rest_route=%2Fwp%2Fv2%2Fcomments&post=85"}],"version-history":[{"count":3,"href":"https:\/\/www.japanisches-bayern.de\/index.php?rest_route=\/wp\/v2\/pages\/85\/revisions"}],"predecessor-version":[{"id":210,"href":"https:\/\/www.japanisches-bayern.de\/index.php?rest_route=\/wp\/v2\/pages\/85\/revisions\/210"}],"wp:attachment":[{"href":"https:\/\/www.japanisches-bayern.de\/index.php?rest_route=%2Fwp%2Fv2%2Fmedia&parent=85"}],"curies":[{"name":"wp","href":"https:\/\/api.w.org\/{rel}","templated":true}]}}