{"id":92,"date":"2021-02-19T14:48:03","date_gmt":"2021-02-19T14:48:03","guid":{"rendered":"http:\/\/www.japanisches-bayern.de\/?page_id=92"},"modified":"2021-04-25T18:39:00","modified_gmt":"2021-04-25T18:39:00","slug":"streifzuege-durchs-alte-japan","status":"publish","type":"page","link":"https:\/\/www.japanisches-bayern.de\/?page_id=92","title":{"rendered":"Streifz\u00fcge durchs alte Japan"},"content":{"rendered":"\n<p>Ein Katalog zur Ausstellung im Knauf-Museum Iphofen <br>(Hrsg.: Markus Mergentahler)<\/p>\n\n\n\n<figure class=\"wp-block-image size-large\"><img loading=\"lazy\" decoding=\"async\" width=\"886\" height=\"1024\" src=\"http:\/\/www.japanisches-bayern.de\/wp-content\/uploads\/2021\/04\/Titelblatt_Streifzu\u0308ge_Knauf-886x1024.jpg\" alt=\"\" class=\"wp-image-162\" srcset=\"https:\/\/www.japanisches-bayern.de\/wp-content\/uploads\/2021\/04\/Titelblatt_Streifzu\u0308ge_Knauf-886x1024.jpg 886w, https:\/\/www.japanisches-bayern.de\/wp-content\/uploads\/2021\/04\/Titelblatt_Streifzu\u0308ge_Knauf-259x300.jpg 259w, https:\/\/www.japanisches-bayern.de\/wp-content\/uploads\/2021\/04\/Titelblatt_Streifzu\u0308ge_Knauf-768x888.jpg 768w, https:\/\/www.japanisches-bayern.de\/wp-content\/uploads\/2021\/04\/Titelblatt_Streifzu\u0308ge_Knauf-1328x1536.jpg 1328w, https:\/\/www.japanisches-bayern.de\/wp-content\/uploads\/2021\/04\/Titelblatt_Streifzu\u0308ge_Knauf-1771x2048.jpg 1771w, https:\/\/www.japanisches-bayern.de\/wp-content\/uploads\/2021\/04\/Titelblatt_Streifzu\u0308ge_Knauf-1568x1813.jpg 1568w\" sizes=\"(max-width: 886px) 100vw, 886px\" \/><\/figure>\n\n\n\n<p>Nur wenige Europ\u00e4er hatten im 19. Jahrhundert die M\u00f6glichkeit, Japan zu besuchen und zu erforschen. Der Arzt, Japan- und Naturforscher Philipp Franz von Siebold sowie der Kunstmaler und Japan-Reisende Wilhelm Heine pr\u00e4gten im 19. Jahrhundert durch ihre Publikationen und Vortr\u00e4ge entscheidend das Bild vom \u201cLand der aufgehenden Sonne\u201c innerhalb der westlichen Welt. <br><br>Zu Beginn seiner \u201eJapan-Karriere\u201c stand Wilhelm Heine brieflich in Kontakt mit Philipp Franz von Siebold. Das Verh\u00e4ltnis verschlechterte sich jedoch im Lauf der Jahre so weit, dass Siebold w\u00e4hrend seiner zweiten Reise \u00e4u\u00dferte, er plane eine Schrift zu verfassen, die Heines \u201eFehler\u201c korrigieren werde. Pers\u00f6nlich begegneten sich die Beiden nie, obwohl sie zwischen 1859 und 1862 zur gleichen Zeit in Edo (heute Tokio) waren.<br><br>ISBN 978-3-89754-426-0<br><br><a href=\"https:\/\/www.amazon.de\/Streifz%C3%BCge-durchs-Philipp-Siebold-Wilhelm\/dp\/3897544261\/ref=sr_1_1?__mk_de_DE=%C3%85M%C3%85%C5%BD%C3%95%C3%91&amp;dchild=1&amp;keywords=streifz%C3%BCge+durchs+alte+japan&amp;qid=1614442745&amp;sr=8-1\" data-type=\"URL\" data-id=\"https:\/\/www.amazon.de\/Streifz%C3%BCge-durchs-Philipp-Siebold-Wilhelm\/dp\/3897544261\/ref=sr_1_1?__mk_de_DE=%C3%85M%C3%85%C5%BD%C3%95%C3%91&amp;dchild=1&amp;keywords=streifz%C3%BCge+durchs+alte+japan&amp;qid=1614442745&amp;sr=8-1\" target=\"_blank\" rel=\"noreferrer noopener\">https:\/\/www.amazon.de\/Streifz%C3%BCge-durchs-Philipp-Siebold-Wilhelm\/dp\/3897544261\/ref=sr_1_1?__mk_de_DE=%C3%85M%C3%85%C5%BD%C3%95%C3%91&amp;dchild=1&amp;keywords=streifz%C3%BCge+durchs+alte+japan&amp;qid=1614442745&amp;sr=8-1<\/a><\/p>\n","protected":false},"excerpt":{"rendered":"<p>Ein Katalog zur Ausstellung im Knauf-Museum Iphofen (Hrsg.: Markus Mergentahler) Nur wenige Europ\u00e4er hatten im 19. Jahrhundert die M\u00f6glichkeit, Japan zu besuchen und zu erforschen. Der Arzt, Japan- und Naturforscher Philipp Franz von Siebold sowie der Kunstmaler und Japan-Reisende Wilhelm Heine pr\u00e4gten im 19. Jahrhundert durch ihre Publikationen und Vortr\u00e4ge entscheidend das Bild vom \u201cLand<a class=\"more-link\" href=\"https:\/\/www.japanisches-bayern.de\/?page_id=92\"><span class=\"screen-reader-text\">&#8222;Streifz\u00fcge durchs alte Japan&#8220;<\/span> weiterlesen<\/a><\/p>\n","protected":false},"author":1,"featured_media":0,"parent":0,"menu_order":0,"comment_status":"closed","ping_status":"closed","template":"","meta":{"footnotes":""},"class_list":["post-92","page","type-page","status-publish","hentry","entry"],"_links":{"self":[{"href":"https:\/\/www.japanisches-bayern.de\/index.php?rest_route=\/wp\/v2\/pages\/92"}],"collection":[{"href":"https:\/\/www.japanisches-bayern.de\/index.php?rest_route=\/wp\/v2\/pages"}],"about":[{"href":"https:\/\/www.japanisches-bayern.de\/index.php?rest_route=\/wp\/v2\/types\/page"}],"author":[{"embeddable":true,"href":"https:\/\/www.japanisches-bayern.de\/index.php?rest_route=\/wp\/v2\/users\/1"}],"replies":[{"embeddable":true,"href":"https:\/\/www.japanisches-bayern.de\/index.php?rest_route=%2Fwp%2Fv2%2Fcomments&post=92"}],"version-history":[{"count":1,"href":"https:\/\/www.japanisches-bayern.de\/index.php?rest_route=\/wp\/v2\/pages\/92\/revisions"}],"predecessor-version":[{"id":175,"href":"https:\/\/www.japanisches-bayern.de\/index.php?rest_route=\/wp\/v2\/pages\/92\/revisions\/175"}],"wp:attachment":[{"href":"https:\/\/www.japanisches-bayern.de\/index.php?rest_route=%2Fwp%2Fv2%2Fmedia&parent=92"}],"curies":[{"name":"wp","href":"https:\/\/api.w.org\/{rel}","templated":true}]}}